{"id":1146,"date":"2020-04-24T18:53:31","date_gmt":"2020-04-24T18:53:31","guid":{"rendered":"https:\/\/azu-autohandel.de\/?page_id=1146"},"modified":"2020-06-09T09:09:30","modified_gmt":"2020-06-09T09:09:30","slug":"highlights","status":"publish","type":"page","link":"https:\/\/azu-autohandel.de\/?page_id=1146","title":{"rendered":"Highlights"},"content":{"rendered":"<p><div class=\"fusion-fullwidth fullwidth-box fusion-builder-row-1 fusion-parallax-none nonhundred-percent-fullwidth non-hundred-percent-height-scrolling\" style=\"--awb-border-radius-top-left:0px;--awb-border-radius-top-right:0px;--awb-border-radius-bottom-right:0px;--awb-border-radius-bottom-left:0px;--awb-padding-top:190px;--awb-padding-right:0px;--awb-padding-bottom:0px;--awb-padding-left:0px;--awb-background-image:url(&quot;https:\/\/azu-autohandel.de\/wp-content\/uploads\/2020\/05\/DSC05641.jpg&quot;);--awb-background-size:cover;--awb-flex-wrap:wrap;\" ><div class=\"fusion-builder-row fusion-row\"><div class=\"fusion-layout-column fusion_builder_column fusion-builder-column-0 fusion_builder_column_1_1 1_1 fusion-one-full fusion-column-first fusion-column-last\" style=\"--awb-bg-size:cover;\"><div class=\"fusion-column-wrapper fusion-column-has-shadow fusion-flex-column-wrapper-legacy\"><div class=\"fusion-sep-clear\"><\/div><div class=\"fusion-separator fusion-no-large-visibility fusion-full-width-sep\" style=\"margin-left: auto;margin-right: auto;width:100%;\"><\/div><div class=\"fusion-sep-clear\"><\/div><div class=\"fusion-title title fusion-title-1 fusion-sep-none fusion-title-text fusion-title-size-one\" style=\"--awb-text-color:#ffffff;\"><h1 class=\"fusion-title-heading title-heading-left fusion-responsive-typography-calculated\" style=\"margin:0;--fontSize:60;line-height:1.4;\">AZU Highlights<\/h1><\/div><div class=\"fusion-clearfix\"><\/div><\/div><\/div><\/div><\/div>\n<div class=\"fusion-fullwidth fullwidth-box fusion-builder-row-2 nonhundred-percent-fullwidth non-hundred-percent-height-scrolling\" style=\"--awb-border-radius-top-left:0px;--awb-border-radius-top-right:0px;--awb-border-radius-bottom-right:0px;--awb-border-radius-bottom-left:0px;--awb-flex-wrap:wrap;\" ><div class=\"fusion-builder-row fusion-row\"><div class=\"fusion-layout-column fusion_builder_column fusion-builder-column-1 fusion_builder_column_1_1 1_1 fusion-one-full fusion-column-first fusion-column-last\" style=\"--awb-bg-size:cover;\"><div class=\"fusion-column-wrapper fusion-column-has-shadow fusion-flex-column-wrapper-legacy\"><div class=\"fusion-text fusion-text-1\"><h3 style=\"text-align: center;\">Hier ein kleiner Auszug aus unseren &#8222;Highlights&#8220; der letzten Jahre<\/h3>\n<\/div><div class=\"fusion-blog-shortcode fusion-blog-shortcode-1 fusion-blog-archive fusion-blog-layout-grid-wrapper fusion-blog-pagination\"><style type=\"text\/css\">.fusion-blog-shortcode-1 .fusion-blog-layout-grid .fusion-post-grid{padding:20px;}.fusion-blog-shortcode-1 .fusion-posts-container{margin-left: -20px !important; margin-right:-20px !important;}<\/style><div class=\"fusion-posts-container fusion-posts-container-pagination fusion-no-meta-info fusion-blog-layout-grid fusion-blog-layout-grid-2 isotope fusion-blog-equal-heights\" data-pages=\"1\" data-grid-col-space=\"40\" style=\"margin: -20px -20px 0;min-height:500px;\"><article id=\"blog-1-post-1252\" class=\"fusion-post-grid post-1252 post type-post status-publish format-gallery has-post-thumbnail hentry category-galerie post_format-post-format-gallery\">\n<div class=\"fusion-post-wrapper\" style=\"background-color:rgba(255,255,255,0);border:1px solid #ebeaea;border-bottom-width:3px;\">\n\n\t\t\t<div class=\"fusion-flexslider flexslider fusion-flexslider-loading fusion-post-slideshow\" style=\"border-color:#ebeaea;\">\n\t\t<ul class=\"slides\">\n\t\t\t\n\t\t\t\t\t\t\t\t\t\t\t\t\t\t<li><div  class=\"fusion-image-wrapper\" aria-haspopup=\"true\">\n\t\t\t\t\t\t\t<a href=\"https:\/\/azu-autohandel.de\/?p=1252\" aria-label=\"Spa\u00dfautos\">\n\t\t\t\t\t\t\t<img decoding=\"async\" width=\"2048\" height=\"1536\" src=\"https:\/\/azu-autohandel.de\/wp-content\/uploads\/2020\/06\/a1.jpg\" class=\"attachment-full size-full wp-post-image\" alt=\"\" srcset=\"https:\/\/azu-autohandel.de\/wp-content\/uploads\/2020\/06\/a1-200x150.jpg 200w, https:\/\/azu-autohandel.de\/wp-content\/uploads\/2020\/06\/a1-400x300.jpg 400w, https:\/\/azu-autohandel.de\/wp-content\/uploads\/2020\/06\/a1-600x450.jpg 600w, https:\/\/azu-autohandel.de\/wp-content\/uploads\/2020\/06\/a1-800x600.jpg 800w, https:\/\/azu-autohandel.de\/wp-content\/uploads\/2020\/06\/a1-1200x900.jpg 1200w, https:\/\/azu-autohandel.de\/wp-content\/uploads\/2020\/06\/a1.jpg 2048w\" sizes=\"(min-width: 2200px) 100vw, (min-width: 1002px) 550px, (min-width: 920px) 1002px, \" \/>\t\t\t<\/a>\n\t\t\t\t\t\t\t<\/div>\n<\/li>\n\t\t\t\n\t\t\t\n\t\t\t\t\t\t\t\t\t\t\t\t\t\t\t\t\t\t\t\t\t\t\t\t\t\t\t\t\t\t\t\t\t\t\t\t\t\t\t\t\t\t\t\t\t\t\t\t\t\t\t\t\t\t\t\t\t\t\t\t\t\t\t\t\t\t\t\t<\/ul>\n\t<\/div>\n\t<div class=\"fusion-post-content-wrapper\" style=\"padding:30px 25px 20px 25px;\"><div class=\"fusion-post-content post-content\"><h2 class=\"blog-shortcode-post-title entry-title\"><a href=\"https:\/\/azu-autohandel.de\/?p=1252\">Spa\u00dfautos<\/a><\/h2><div class=\"fusion-post-content-container\"><p>  Autos die einfach Spa\u00df zu fahren machen - sei es durch Leistung, Fahreigenschaften oder andere Besonderheiten      <\/p><\/div><\/div><\/div><div class=\"fusion-clearfix\"><\/div><\/div>\n<\/article>\n<article id=\"blog-1-post-1243\" class=\"fusion-post-grid post-1243 post type-post status-publish format-gallery has-post-thumbnail hentry category-galerie post_format-post-format-gallery\">\n<div class=\"fusion-post-wrapper\" style=\"background-color:rgba(255,255,255,0);border:1px solid #ebeaea;border-bottom-width:3px;\">\n\n\t\t\t<div class=\"fusion-flexslider flexslider fusion-flexslider-loading fusion-post-slideshow\" style=\"border-color:#ebeaea;\">\n\t\t<ul class=\"slides\">\n\t\t\t\n\t\t\t\t\t\t\t\t\t\t\t\t\t\t<li><div  class=\"fusion-image-wrapper\" aria-haspopup=\"true\">\n\t\t\t\t\t\t\t<a href=\"https:\/\/azu-autohandel.de\/?p=1243\" aria-label=\"Zum Restaurieren\">\n\t\t\t\t\t\t\t<img decoding=\"async\" width=\"2048\" height=\"1536\" src=\"https:\/\/azu-autohandel.de\/wp-content\/uploads\/2020\/06\/CIMG0455.jpg\" class=\"attachment-full size-full wp-post-image\" alt=\"\" srcset=\"https:\/\/azu-autohandel.de\/wp-content\/uploads\/2020\/06\/CIMG0455-200x150.jpg 200w, https:\/\/azu-autohandel.de\/wp-content\/uploads\/2020\/06\/CIMG0455-400x300.jpg 400w, https:\/\/azu-autohandel.de\/wp-content\/uploads\/2020\/06\/CIMG0455-600x450.jpg 600w, https:\/\/azu-autohandel.de\/wp-content\/uploads\/2020\/06\/CIMG0455-800x600.jpg 800w, https:\/\/azu-autohandel.de\/wp-content\/uploads\/2020\/06\/CIMG0455-1200x900.jpg 1200w, https:\/\/azu-autohandel.de\/wp-content\/uploads\/2020\/06\/CIMG0455.jpg 2048w\" sizes=\"(min-width: 2200px) 100vw, (min-width: 1002px) 550px, (min-width: 920px) 1002px, \" \/>\t\t\t<\/a>\n\t\t\t\t\t\t\t<\/div>\n<\/li>\n\t\t\t\n\t\t\t\n\t\t\t\t\t\t\t\t\t\t\t\t\t\t\t\t\t\t\t\t\t\t\t\t\t\t\t\t\t\t\t\t\t\t\t\t\t\t\t\t\t\t\t\t\t\t\t\t\t\t\t\t\t\t\t\t\t\t\t\t\t\t\t\t\t\t\t\t<\/ul>\n\t<\/div>\n\t<div class=\"fusion-post-content-wrapper\" style=\"padding:30px 25px 20px 25px;\"><div class=\"fusion-post-content post-content\"><h2 class=\"blog-shortcode-post-title entry-title\"><a href=\"https:\/\/azu-autohandel.de\/?p=1243\">Zum Restaurieren<\/a><\/h2><div class=\"fusion-post-content-container\"><p>  Ein paar sch\u00f6ne Klassiker, die allerdings noch etwas Arbeit ben\u00f6tigen bevor sie wieder auf die Stra\u00dfe kommen      <\/p><\/div><\/div><\/div><div class=\"fusion-clearfix\"><\/div><\/div>\n<\/article>\n<article id=\"blog-1-post-1234\" class=\"fusion-post-grid post-1234 post type-post status-publish format-gallery has-post-thumbnail hentry category-galerie post_format-post-format-gallery\">\n<div class=\"fusion-post-wrapper\" style=\"background-color:rgba(255,255,255,0);border:1px solid #ebeaea;border-bottom-width:3px;\">\n\n\t\t\t<div class=\"fusion-flexslider flexslider fusion-flexslider-loading fusion-post-slideshow\" style=\"border-color:#ebeaea;\">\n\t\t<ul class=\"slides\">\n\t\t\t\n\t\t\t\t\t\t\t\t\t\t\t\t\t\t<li><div  class=\"fusion-image-wrapper\" aria-haspopup=\"true\">\n\t\t\t\t\t\t\t<a href=\"https:\/\/azu-autohandel.de\/?p=1234\" aria-label=\"Ausgefallenes\">\n\t\t\t\t\t\t\t<img decoding=\"async\" width=\"1216\" height=\"912\" src=\"https:\/\/azu-autohandel.de\/wp-content\/uploads\/2020\/06\/FiestaFl\u00fcgel-1.jpg\" class=\"attachment-full size-full wp-post-image\" alt=\"\" srcset=\"https:\/\/azu-autohandel.de\/wp-content\/uploads\/2020\/06\/FiestaFl\u00fcgel-1-200x150.jpg 200w, https:\/\/azu-autohandel.de\/wp-content\/uploads\/2020\/06\/FiestaFl\u00fcgel-1-400x300.jpg 400w, https:\/\/azu-autohandel.de\/wp-content\/uploads\/2020\/06\/FiestaFl\u00fcgel-1-600x450.jpg 600w, https:\/\/azu-autohandel.de\/wp-content\/uploads\/2020\/06\/FiestaFl\u00fcgel-1-800x600.jpg 800w, https:\/\/azu-autohandel.de\/wp-content\/uploads\/2020\/06\/FiestaFl\u00fcgel-1-1200x900.jpg 1200w, https:\/\/azu-autohandel.de\/wp-content\/uploads\/2020\/06\/FiestaFl\u00fcgel-1.jpg 1216w\" sizes=\"(min-width: 2200px) 100vw, (min-width: 1002px) 550px, (min-width: 920px) 1002px, \" \/>\t\t\t<\/a>\n\t\t\t\t\t\t\t<\/div>\n<\/li>\n\t\t\t\n\t\t\t\n\t\t\t\t\t\t\t\t\t\t\t\t\t\t\t\t\t\t\t\t\t\t\t\t\t\t\t\t\t\t\t\t\t\t\t\t\t\t\t\t\t\t\t\t\t\t\t\t\t\t\t\t\t\t\t\t\t\t\t\t\t\t\t\t\t\t\t\t<\/ul>\n\t<\/div>\n\t<div class=\"fusion-post-content-wrapper\" style=\"padding:30px 25px 20px 25px;\"><div class=\"fusion-post-content post-content\"><h2 class=\"blog-shortcode-post-title entry-title\"><a href=\"https:\/\/azu-autohandel.de\/?p=1234\">Ausgefallenes<\/a><\/h2><div class=\"fusion-post-content-container\"><p>  Mal etwas ganz Anderes - Ausgefallene Fahrzeuge f\u00fcr abenteuerfreudige Autokenner      <\/p><\/div><\/div><\/div><div class=\"fusion-clearfix\"><\/div><\/div>\n<\/article>\n<article id=\"blog-1-post-1223\" class=\"fusion-post-grid post-1223 post type-post status-publish format-gallery has-post-thumbnail hentry category-galerie post_format-post-format-gallery\">\n<div class=\"fusion-post-wrapper\" style=\"background-color:rgba(255,255,255,0);border:1px solid #ebeaea;border-bottom-width:3px;\">\n\n\t\t\t<div class=\"fusion-flexslider flexslider fusion-flexslider-loading fusion-post-slideshow\" style=\"border-color:#ebeaea;\">\n\t\t<ul class=\"slides\">\n\t\t\t\n\t\t\t\t\t\t\t\t\t\t\t\t\t\t<li><div  class=\"fusion-image-wrapper\" aria-haspopup=\"true\">\n\t\t\t\t\t\t\t<a href=\"https:\/\/azu-autohandel.de\/?p=1223\" aria-label=\"Oldtimer\">\n\t\t\t\t\t\t\t<img decoding=\"async\" width=\"640\" height=\"480\" src=\"https:\/\/azu-autohandel.de\/wp-content\/uploads\/2020\/06\/p1-2.jpg\" class=\"attachment-full size-full wp-post-image\" alt=\"\" srcset=\"https:\/\/azu-autohandel.de\/wp-content\/uploads\/2020\/06\/p1-2-200x150.jpg 200w, https:\/\/azu-autohandel.de\/wp-content\/uploads\/2020\/06\/p1-2-400x300.jpg 400w, https:\/\/azu-autohandel.de\/wp-content\/uploads\/2020\/06\/p1-2-600x450.jpg 600w, https:\/\/azu-autohandel.de\/wp-content\/uploads\/2020\/06\/p1-2.jpg 640w\" sizes=\"(min-width: 2200px) 100vw, (min-width: 1002px) 550px, (min-width: 920px) 1002px, \" \/>\t\t\t<\/a>\n\t\t\t\t\t\t\t<\/div>\n<\/li>\n\t\t\t\n\t\t\t\n\t\t\t\t\t\t\t\t\t\t\t\t\t\t\t\t\t\t\t\t\t\t\t\t\t\t\t\t\t\t\t\t\t\t\t\t\t\t\t\t\t\t\t\t\t\t\t\t\t\t\t\t\t\t\t\t\t\t\t\t\t\t\t\t\t\t\t\t<\/ul>\n\t<\/div>\n\t<div class=\"fusion-post-content-wrapper\" style=\"padding:30px 25px 20px 25px;\"><div class=\"fusion-post-content post-content\"><h2 class=\"blog-shortcode-post-title entry-title\"><a href=\"https:\/\/azu-autohandel.de\/?p=1223\">Oldtimer<\/a><\/h2><div class=\"fusion-post-content-container\"><p>  Echte Oldtimer zugelassen mit H-Kennzeichen - F\u00fcr Liebhaber die gerne Klassiker auf der Stra\u00dfe bewegen      <\/p><\/div><\/div><\/div><div class=\"fusion-clearfix\"><\/div><\/div>\n<\/article>\n<div class=\"fusion-clearfix\"><\/div><\/div><\/div><div class=\"fusion-clearfix\"><\/div><\/div><\/div><\/div><\/div><\/p>\n","protected":false},"excerpt":{"rendered":"","protected":false},"author":1,"featured_media":0,"parent":0,"menu_order":0,"comment_status":"closed","ping_status":"closed","template":"100-width.php","meta":{"_acf_changed":false,"footnotes":""},"class_list":["post-1146","page","type-page","status-publish","hentry"],"acf":[],"_links":{"self":[{"href":"https:\/\/azu-autohandel.de\/index.php?rest_route=\/wp\/v2\/pages\/1146","targetHints":{"allow":["GET"]}}],"collection":[{"href":"https:\/\/azu-autohandel.de\/index.php?rest_route=\/wp\/v2\/pages"}],"about":[{"href":"https:\/\/azu-autohandel.de\/index.php?rest_route=\/wp\/v2\/types\/page"}],"author":[{"embeddable":true,"href":"https:\/\/azu-autohandel.de\/index.php?rest_route=\/wp\/v2\/users\/1"}],"replies":[{"embeddable":true,"href":"https:\/\/azu-autohandel.de\/index.php?rest_route=%2Fwp%2Fv2%2Fcomments&post=1146"}],"version-history":[{"count":12,"href":"https:\/\/azu-autohandel.de\/index.php?rest_route=\/wp\/v2\/pages\/1146\/revisions"}],"predecessor-version":[{"id":1151,"href":"https:\/\/azu-autohandel.de\/index.php?rest_route=\/wp\/v2\/pages\/1146\/revisions\/1151"}],"wp:attachment":[{"href":"https:\/\/azu-autohandel.de\/index.php?rest_route=%2Fwp%2Fv2%2Fmedia&parent=1146"}],"curies":[{"name":"wp","href":"https:\/\/api.w.org\/{rel}","templated":true}]}}