{"id":1036,"date":"2020-04-22T12:57:26","date_gmt":"2020-04-22T12:57:26","guid":{"rendered":"https:\/\/azu-autohandel.de\/?page_id=1036"},"modified":"2020-09-24T05:01:44","modified_gmt":"2020-09-24T05:01:44","slug":"verkauf","status":"publish","type":"page","link":"https:\/\/azu-autohandel.de\/?page_id=1036","title":{"rendered":"Verkauf"},"content":{"rendered":"<p><div class=\"fusion-fullwidth fullwidth-box fusion-builder-row-1 fusion-parallax-none nonhundred-percent-fullwidth non-hundred-percent-height-scrolling\" style=\"--awb-border-radius-top-left:0px;--awb-border-radius-top-right:0px;--awb-border-radius-bottom-right:0px;--awb-border-radius-bottom-left:0px;--awb-padding-top:190px;--awb-background-image:url(&quot;https:\/\/azu-autohandel.de\/wp-content\/uploads\/2020\/05\/DSC05641.jpg&quot;);--awb-background-size:cover;--awb-flex-wrap:wrap;\" ><div class=\"fusion-builder-row fusion-row\"><div class=\"fusion-layout-column fusion_builder_column fusion-builder-column-0 fusion_builder_column_1_1 1_1 fusion-one-full fusion-column-first fusion-column-last\" style=\"--awb-bg-size:cover;\"><div class=\"fusion-column-wrapper fusion-flex-column-wrapper-legacy\"><div class=\"fusion-sep-clear\"><\/div><div class=\"fusion-separator fusion-no-large-visibility fusion-full-width-sep\" style=\"margin-left: auto;margin-right: auto;margin-top:30px;width:100%;\"><\/div><div class=\"fusion-sep-clear\"><\/div><div class=\"fusion-title title fusion-title-1 fusion-sep-none fusion-title-text fusion-title-size-one\" style=\"--awb-text-color:#ffffff;\"><h1 class=\"fusion-title-heading title-heading-left fusion-responsive-typography-calculated\" style=\"margin:0;--fontSize:60;line-height:1.4;\">Verkauf<\/h1><\/div><div class=\"fusion-clearfix\"><\/div><\/div><\/div><\/div><\/div><div class=\"fusion-fullwidth fullwidth-box fusion-builder-row-2 nonhundred-percent-fullwidth non-hundred-percent-height-scrolling\" style=\"--awb-border-radius-top-left:0px;--awb-border-radius-top-right:0px;--awb-border-radius-bottom-right:0px;--awb-border-radius-bottom-left:0px;--awb-flex-wrap:wrap;\" ><div class=\"fusion-builder-row fusion-row\"><div class=\"fusion-layout-column fusion_builder_column fusion-builder-column-1 fusion_builder_column_1_1 1_1 fusion-one-full fusion-column-first fusion-column-last\" style=\"--awb-bg-size:cover;\"><div class=\"fusion-column-wrapper fusion-column-has-shadow fusion-flex-column-wrapper-legacy\"><div class=\"fusion-text fusion-text-1\"><\/div><div class=\"fusion-text fusion-text-2\"><h3><strong>Als freier Automobilhandel haben wir die M\u00f6glichkeit Ihnen Fahrzeuge s\u00e4mtlicher Marken anzubieten. Unser Spezialgebiet sind dabei insbesondere die Fahrzeuge bis etwa 5000,-\u20ac.&nbsp; <\/strong><strong>Also die Fahrzeuge, die sie oft bei markengebundenen Autoh\u00e4usern gar nicht angeboten bekommen.<\/strong><\/h3>\n<p>Der Gro\u00dfteil unserer Fahrzeuge wird direkt mit neuer Haupt- und Abgasuntersuchung angeboten. Das gibt uns, genauso wie Ihnen, das gute Gef\u00fchl Sie als zufriedenen Kunden gewonnen zu haben. Als privater Endverbraucher erhalten Sie nat\u00fcrlich jedes Fahrzeug mit der gesetzlich vorgesehenen Gew\u00e4hrleistungsfrist von 12 Monaten<\/p>\n<p>Ihre Zufriedenheit ist unser Ziel!<\/p>\n<p>Au\u00dferdem finden Sie bei uns die Fahrzeuge, die man eigentlich nicht braucht, die daf\u00fcr aber eine Menge Spa\u00df machen.<br \/>\nAusgefallenes, Oldtimer oder Exoten. Ob zum selbst fertigstellen, zum Fahren, um Aufzufallen, als Wertanlage oder einfach weil es Geil ist.<\/p>\n<\/div><div class=\"fusion-clearfix\"><\/div><\/div><\/div><\/div><\/div><div class=\"fusion-fullwidth fullwidth-box fusion-builder-row-3 nonhundred-percent-fullwidth non-hundred-percent-height-scrolling\" style=\"--awb-border-radius-top-left:0px;--awb-border-radius-top-right:0px;--awb-border-radius-bottom-right:0px;--awb-border-radius-bottom-left:0px;--awb-flex-wrap:wrap;\" ><div class=\"fusion-builder-row fusion-row\"><div class=\"fusion-layout-column fusion_builder_column fusion-builder-column-2 fusion_builder_column_2_3 2_3 fusion-two-third fusion-column-first\" style=\"--awb-bg-size:cover;--awb-margin-bottom:20px;width:66.666666666667%;width:calc(66.666666666667% - ( ( 4% ) * 0.66666666666667 ) );margin-right: 4%;\"><div class=\"fusion-column-wrapper fusion-column-has-shadow fusion-flex-column-wrapper-legacy\"><div class=\"fusion-text fusion-text-3\"><\/div><div class=\"fusion-text fusion-text-4\"><h4><strong>Werfen Sie einen Blick auf unsere Angebot bei mobile.de oder schauen Sie direkt bei uns auf dem Verkaufsgel\u00e4nde in Vlotho\/Uffeln vorbei.<\/strong><\/h4>\n<h4><strong>Wir freuen uns auf Sie!<\/strong><\/h4>\n<\/div><div class=\"fusion-clearfix\"><\/div><\/div><\/div><div class=\"fusion-layout-column fusion_builder_column fusion-builder-column-3 fusion_builder_column_1_3 1_3 fusion-one-third fusion-column-last\" style=\"--awb-bg-size:cover;--awb-margin-top:40px;width:33.333333333333%;width:calc(33.333333333333% - ( ( 4% ) * 0.33333333333333 ) );\"><div class=\"fusion-column-wrapper fusion-column-has-shadow fusion-flex-column-wrapper-legacy\"><div class=\"fusion-aligncenter\"><a class=\"fusion-button button-flat fusion-button-default-size button-blue fusion-button-blue button-1 fusion-button-default-span fusion-button-default-type fusion-animated\" data-animationType=\"slideInLeft\" data-animationDuration=\"0.3\" data-animationOffset=\"top-into-view\" target=\"_self\" href=\"https:\/\/azu-autohandel.de\/?page_id=1059\"><i class=\"fa-car fas button-icon-left\" aria-hidden=\"true\"><\/i><span class=\"fusion-button-text\">Unser Fahrzeugangebot<\/span><\/a><\/div><div class=\"fusion-clearfix\"><\/div><\/div><\/div><\/div><\/div><div class=\"fusion-fullwidth fullwidth-box fusion-builder-row-4 nonhundred-percent-fullwidth non-hundred-percent-height-scrolling\" style=\"--awb-border-radius-top-left:0px;--awb-border-radius-top-right:0px;--awb-border-radius-bottom-right:0px;--awb-border-radius-bottom-left:0px;--awb-flex-wrap:wrap;\" ><div class=\"fusion-builder-row fusion-row\"><div class=\"fusion-layout-column fusion_builder_column fusion-builder-column-4 fusion_builder_column_1_1 1_1 fusion-one-full fusion-column-first fusion-column-last\" style=\"--awb-bg-size:cover;\"><div class=\"fusion-column-wrapper fusion-column-has-shadow fusion-flex-column-wrapper-legacy\"><div class=\"fusion-clearfix\"><\/div><\/div><\/div><\/div><\/div><\/p>\n","protected":false},"excerpt":{"rendered":"","protected":false},"author":1,"featured_media":0,"parent":0,"menu_order":0,"comment_status":"closed","ping_status":"closed","template":"100-width.php","meta":{"_acf_changed":false,"footnotes":""},"class_list":["post-1036","page","type-page","status-publish","hentry"],"acf":[],"_links":{"self":[{"href":"https:\/\/azu-autohandel.de\/index.php?rest_route=\/wp\/v2\/pages\/1036","targetHints":{"allow":["GET"]}}],"collection":[{"href":"https:\/\/azu-autohandel.de\/index.php?rest_route=\/wp\/v2\/pages"}],"about":[{"href":"https:\/\/azu-autohandel.de\/index.php?rest_route=\/wp\/v2\/types\/page"}],"author":[{"embeddable":true,"href":"https:\/\/azu-autohandel.de\/index.php?rest_route=\/wp\/v2\/users\/1"}],"replies":[{"embeddable":true,"href":"https:\/\/azu-autohandel.de\/index.php?rest_route=%2Fwp%2Fv2%2Fcomments&post=1036"}],"version-history":[{"count":24,"href":"https:\/\/azu-autohandel.de\/index.php?rest_route=\/wp\/v2\/pages\/1036\/revisions"}],"predecessor-version":[{"id":1054,"href":"https:\/\/azu-autohandel.de\/index.php?rest_route=\/wp\/v2\/pages\/1036\/revisions\/1054"}],"wp:attachment":[{"href":"https:\/\/azu-autohandel.de\/index.php?rest_route=%2Fwp%2Fv2%2Fmedia&parent=1036"}],"curies":[{"name":"wp","href":"https:\/\/api.w.org\/{rel}","templated":true}]}}